{"id":1111,"date":"2018-01-08T11:32:25","date_gmt":"2018-01-08T13:32:25","guid":{"rendered":"https:\/\/lojapini1.hospedagemdesites.ws\/?page_id=1111"},"modified":"2019-08-01T14:47:58","modified_gmt":"2019-08-01T17:47:58","slug":"termos-e-condicoes","status":"publish","type":"page","link":"https:\/\/loja.pini.com.br\/index.php\/termos-e-condicoes\/","title":{"rendered":"Termos e Condi\u00e7\u00f5es"},"content":{"rendered":"<p>Esta p\u00e1gina cont\u00e9m os termos para Assinaturas Recorrentes, Assinaturas Anuais, Assinaturas Bienais e Cursos. Seu aceite \u00e0s condi\u00e7\u00f5es ser\u00e1 vinculado ao produto que est\u00e1 sendo comprado.<\/p>\n<p><span style=\"text-decoration: underline;\"><strong>1 &#8211; Assinaturas Recorrentes<\/strong><\/span><\/p>\n<p>A assinatura recorrente TCPOweb, TCPOweb Bases \u00d3rg\u00e3os P\u00fablicos, T\u00e9chne, aU e T\u00e9chne + aU n\u00e3o possuem fidelidade m\u00ednima e funcionam da seguinte forma:<\/p>\n<p>1 \u2013 Voc\u00ea faz a sua assinatura e a operadora de cart\u00f5es processa o seu pedido.<\/p>\n<p>2 \u2013 Ap\u00f3s 1 dia \u00fatil seu acesso estar\u00e1 liberado.<\/p>\n<p>3 \u2013 No mesmo dia dos meses subsequentes a operadora de cart\u00f5es processa o pedido da nova assinatura.<\/p>\n<p>4 &#8211; Enquanto for assinante voc\u00ea acessar\u00e1 o conte\u00fado contratado, ap\u00f3s o cancelamento o acesso ser\u00e1 interrompido.<\/p>\n<p>Importante: Sua assinatura ser\u00e1 automaticamente renovada a menos que voc\u00ea a cancele enviando e-mail para cancelamento@pini.com.br, at\u00e9 5 dias antes do final do per\u00edodo da assinatura atual. O cancelamento entrar\u00e1 em vigor no dia seguinte ao \u00faltimo dia do per\u00edodo de assinatura atual e voc\u00ea ter\u00e1 o seu acesso interrompido.<\/p>\n<p>A PINI poder\u00e1, de tempos em tempos, alterar o pre\u00e7o das assinaturas e informar\u00e1 quaisquer altera\u00e7\u00f5es de pre\u00e7o a voc\u00ea com anteced\u00eancia e, se aplic\u00e1vel, como aceitar estas mudan\u00e7as. As altera\u00e7\u00f5es de pre\u00e7os das assinaturas entrar\u00e3o em vigor no in\u00edcio do pr\u00f3ximo per\u00edodo de assinatura, depois da data da mudan\u00e7a de pre\u00e7o. Conforme permitido pela lei local, voc\u00ea aceitar\u00e1 o novo pre\u00e7o ao continuar usando o Servi\u00e7o depois que a altera\u00e7\u00e3o de pre\u00e7o entrar em vigor. Se voc\u00ea n\u00e3o concordar com as mudan\u00e7as de pre\u00e7os, ter\u00e1 o direito de rejeitar a altera\u00e7\u00e3o ao cancelar a assinatura do Servi\u00e7o antes que a altera\u00e7\u00e3o de pre\u00e7o entre em vigor. Portanto, certifique-se de ler atentamente qualquer aviso do tipo sobre altera\u00e7\u00f5es de pre\u00e7o.<\/p>\n<p><span style=\"text-decoration: underline;\"><strong>2 &#8211; Assinaturas Anuais e Bienais<\/strong><\/span><\/p>\n<p>As assinaturas anuais ou bienais do TCPOweb, TCPOweb Bases \u00d3rg\u00e3os P\u00fablicos, T\u00e9chne, aU e T\u00e9chne + aU funcionam da seguinte forma:<\/p>\n<p>1 \u2013 Voc\u00ea faz a sua assinatura e a operadora de cart\u00f5es processa o seu pedido.<\/p>\n<p>2 \u2013 Ap\u00f3s 1 dia \u00fatil seu acesso estar\u00e1 liberado.<\/p>\n<p>3 &#8211; Enquanto for assinante voc\u00ea acessar\u00e1 o conte\u00fado contratado, ap\u00f3s o t\u00e9rmino da vig\u00eancia o acesso ser\u00e1 interrompido.<\/p>\n<p>&nbsp;<\/p>\n<p><span style=\"text-decoration: underline;\"><strong>3 &#8211; Cursos Grupo HCT<\/strong><\/span><\/p>\n<p>Parceria PINI e Grupo HCT<\/p>\n<p>PINI e Grupo HCT fecham parceria e os cursos HCT agora s\u00e3o vendidos na LOJA PINI.<\/p>\n<p>O Grupo HCT \u00e9 um n\u00facleo de aperfei\u00e7oamento profissional que atua desde 1998 na \u00e1rea educacional.<\/p>\n<p>Ministra treinamentos a partir de n\u00facleos especializados nas \u00e1reas de Engenharia, Arquitetura, Gerenciamento, Planejamento, Seguran\u00e7a do Trabalho e Meio Ambiente.<\/p>\n<p>Todos os cursos do Grupo HCT s\u00e3o transmitidos via internet para alunos no Brasil e Exterior.<\/p>\n<p><strong>Como Funciona<\/strong><\/p>\n<p>1 &#8211; Realize na Loja PINI a compra do curso do Grupo HCT.<br \/>\n2 &#8211; Voc\u00ea receber\u00e1 um e-mail da Loja PINI com a confirma\u00e7\u00e3o da compra.<br \/>\n3 &#8211; Ap\u00f3s 1 dia \u00fatil o Grupo HCT enviar\u00e1 as informa\u00e7\u00f5es de acesso ao conte\u00fado.<br \/>\n4 &#8211; Com o acesso \u00e0 plataforma HCT s\u00e3o disponibilizados os v\u00eddeos das aulas, o material did\u00e1tico em pdf e materiais adicionais, pelo prazo de 180 dias a partir da data da compra.<br \/>\n5 &#8211; Os cursos s\u00e3o classificados como de qualifica\u00e7\u00e3o profissional e s\u00e3o v\u00e1lidos em todo o territ\u00f3rio nacional, conforme a lei n\u00ba 9.394, que estabelece as Diretrizes e Bases da Educa\u00e7\u00e3o Nacional. Certificados emitidos de acordo com a Delibera\u00e7\u00e3o N\u00ba 20\/76 com altera\u00e7\u00f5es nas Delibera\u00e7\u00f5es N\u00ba 72\/80 e N\u00ba 196\/92 da Comiss\u00e3o de Legisla\u00e7\u00e3o e Normas da C\u00e2mara de Ensino.<\/p>\n<p>&nbsp;<\/p>\n<p>&nbsp;<\/p>\n<p>&nbsp;<\/p>\n<p>&nbsp;<\/p>\n<p>&nbsp;<\/p>\n","protected":false},"excerpt":{"rendered":"<p>Esta p\u00e1gina cont\u00e9m os termos para Assinaturas Recorrentes, Assinaturas Anuais, Assinaturas Bienais e Cursos. Seu aceite \u00e0s condi\u00e7\u00f5es ser\u00e1 vinculado ao produto que est\u00e1 sendo comprado. 1 &#8211; Assinaturas Recorrentes A assinatura recorrente TCPOweb, TCPOweb Bases \u00d3rg\u00e3os P\u00fablicos, T\u00e9chne, aU e T\u00e9chne + aU n\u00e3o possuem fidelidade m\u00ednima e funcionam da seguinte forma: 1 \u2013 [&hellip;]<\/p>\n","protected":false},"author":4,"featured_media":0,"parent":0,"menu_order":0,"comment_status":"closed","ping_status":"closed","template":"","meta":[],"_links":{"self":[{"href":"https:\/\/loja.pini.com.br\/index.php\/wp-json\/wp\/v2\/pages\/1111"}],"collection":[{"href":"https:\/\/loja.pini.com.br\/index.php\/wp-json\/wp\/v2\/pages"}],"about":[{"href":"https:\/\/loja.pini.com.br\/index.php\/wp-json\/wp\/v2\/types\/page"}],"author":[{"embeddable":true,"href":"https:\/\/loja.pini.com.br\/index.php\/wp-json\/wp\/v2\/users\/4"}],"replies":[{"embeddable":true,"href":"https:\/\/loja.pini.com.br\/index.php\/wp-json\/wp\/v2\/comments?post=1111"}],"version-history":[{"count":21,"href":"https:\/\/loja.pini.com.br\/index.php\/wp-json\/wp\/v2\/pages\/1111\/revisions"}],"predecessor-version":[{"id":19899,"href":"https:\/\/loja.pini.com.br\/index.php\/wp-json\/wp\/v2\/pages\/1111\/revisions\/19899"}],"wp:attachment":[{"href":"https:\/\/loja.pini.com.br\/index.php\/wp-json\/wp\/v2\/media?parent=1111"}],"curies":[{"name":"wp","href":"https:\/\/api.w.org\/{rel}","templated":true}]}}