{"id":19919,"date":"2019-08-01T16:10:19","date_gmt":"2019-08-01T19:10:19","guid":{"rendered":"https:\/\/lojapini1.hospedagemdesites.ws\/?page_id=19919"},"modified":"2021-07-23T16:43:37","modified_gmt":"2021-07-23T19:43:37","slug":"atualizacoes-tcpo-web","status":"publish","type":"page","link":"https:\/\/loja.pini.com.br\/index.php\/atualizacoes-tcpo-web\/","title":{"rendered":"Atualiza\u00e7\u00f5es TCPO Web"},"content":{"rendered":"<table id=\"gmail-m_-9155939745331751620x_gmail-m_-1010448606173487145x_gmail-m_7799633628780233418x_gmail-ctl00_MainContent_gvParametros\" rules=\"all\" cellspacing=\"1\" cellpadding=\"1\">\n<tbody>\n<tr>\n<td align=\"left\">\n<h2><b>\u00daltimas atualiza\u00e7\u00f5es:<\/b><\/h2>\n<h4><b><span style=\"color: red;\">[06-Jul-2021]<\/span>\u00a0<span style=\"color: #003399;\">: ATUALIZADOS: Pre\u00e7os e conte\u00fado das bases\u00a0<i><span id=\"0.8801382460554867\" class=\"highlight\">TCPO<\/span><\/i><\/span>\u00a0<\/b><br \/>\nInsumos, composi\u00e7\u00f5es e pre\u00e7os das bases de dados\u00a0<b><i><span id=\"0.6937058049436899\" class=\"highlight\">TCPO<\/span><\/i><\/b>\u00a0<i>PINI<\/i>\u00a0atualizados para data-base\u00a0<b>Junho\/2021<\/b>. Base\u00a0<span id=\"0.9450745141189596\" class=\"highlight\">TCPO<\/span>\u00a0atualizada para vers\u00e3o 50.01.0003, com ajustes e corre\u00e7\u00f5es nos conte\u00fados dos insumos e composi\u00e7\u00f5es.<\/h4>\n<h4><b><span style=\"color: red;\">[18-Dez-2018]<\/span>\u00a0<span style=\"color: #003399;\">: ATUALIZADOS: Base de dados e pre\u00e7os do SINAPI<\/span><\/b><br \/>\nTodos os itens\u00a0<b><i>SINAPI<\/i><\/b>\u00a0atualizadas para data de refer\u00eancia\u00a0<b>NOVEMBRO\/2018<\/b>.<\/h4>\n<h4><\/h4>\n<\/td>\n<\/tr>\n<tr>\n<td colspan=\"3\"><\/td>\n<\/tr>\n<\/tbody>\n<\/table>\n<div><\/div>\n<div>\n<table width=\"1000\" align=\"center\">\n<tbody>\n<tr>\n<td colspan=\"2\" align=\"center\">\n<div>\n<table id=\"gmail-m_-9155939745331751620x_gmail-m_-1010448606173487145x_gmail-m_7799633628780233418x_gmail-ctl00_MainContent_gvParametros\" rules=\"all\" cellspacing=\"1\" cellpadding=\"1\">\n<tbody>\n<tr>\n<td align=\"left\"><span id=\"gmail-m_-9155939745331751620x_gmail-m_-1010448606173487145x_gmail-m_7799633628780233418x_gmail-ctl00_MainContent_gvParametros_ctl02_lbltxt1\"><img src=\"http:\/\/tcpoweb.pini.com.br\/images\/icons-volare_agile_cs5-32.png\" data-imagetype=\"External\" \/>\u00a0\u00a0<b>Vers\u00e3o deste aplicativo\u00a0<i>web<\/i>\u00a0em execu\u00e7\u00e3o:<\/b><\/span><\/td>\n<td align=\"left\"><span id=\"gmail-m_-9155939745331751620x_gmail-m_-1010448606173487145x_gmail-m_7799633628780233418x_gmail-ctl00_MainContent_gvParametros_ctl02_lbltxt2\"><b>2.3.03<\/b><\/span><\/td>\n<td align=\"center\"><span id=\"gmail-m_-9155939745331751620x_gmail-m_-1010448606173487145x_gmail-m_7799633628780233418x_gmail-ctl00_MainContent_gvParametros_ctl02_lbltxt3\"><b>04-Outubro-2018 19:35<\/b><\/span><\/td>\n<\/tr>\n<tr>\n<td align=\"left\"><span id=\"gmail-m_-9155939745331751620x_gmail-m_-1010448606173487145x_gmail-m_7799633628780233418x_gmail-ctl00_MainContent_gvParametros_ctl03_lbltxt1\"><img src=\"http:\/\/tcpoweb.pini.com.br\/images\/icons-volare_agile_cs5-23.png\" data-imagetype=\"External\" \/>\u00a0\u00a0<b>Revis\u00e3o t\u00e9cnica das bases\u00a0<span id=\"0.16921644435063654\" class=\"highlight\">TCPO<\/span>\u00a0em uso:<\/b><\/span><\/td>\n<td align=\"left\"><span id=\"gmail-m_-9155939745331751620x_gmail-m_-1010448606173487145x_gmail-m_7799633628780233418x_gmail-ctl00_MainContent_gvParametros_ctl03_lbltxt2\"><b>50.01.0004<\/b><\/span><\/td>\n<td align=\"center\"><span id=\"gmail-m_-9155939745331751620x_gmail-m_-1010448606173487145x_gmail-m_7799633628780233418x_gmail-ctl00_MainContent_gvParametros_ctl03_lbltxt3\"><b>(Base: 04-Out-2018)<\/b><\/span><\/td>\n<\/tr>\n<tr>\n<td align=\"left\"><span id=\"gmail-m_-9155939745331751620x_gmail-m_-1010448606173487145x_gmail-m_7799633628780233418x_gmail-ctl00_MainContent_gvParametros_ctl04_lbltxt1\"><img src=\"http:\/\/tcpoweb.pini.com.br\/images\/icons-volare_agile_cs5-07.png\" data-imagetype=\"External\" \/>\u00a0\u00a0<b>Data de refer\u00eancia dos pre\u00e7os, para todas as bases PINI:<\/b><\/span><\/td>\n<td align=\"left\"><span id=\"gmail-m_-9155939745331751620x_gmail-m_-1010448606173487145x_gmail-m_7799633628780233418x_gmail-ctl00_MainContent_gvParametros_ctl04_lbltxt2\"><b>2021 \/ 06<\/b><\/span><\/td>\n<td align=\"center\"><\/td>\n<\/tr>\n<tr>\n<td align=\"left\"><\/td>\n<td align=\"left\"><\/td>\n<td align=\"center\"><\/td>\n<\/tr>\n<tr>\n<td align=\"left\"><span id=\"gmail-m_-9155939745331751620x_gmail-m_-1010448606173487145x_gmail-m_7799633628780233418x_gmail-ctl00_MainContent_gvParametros_ctl06_lbltxt1\"><img src=\"http:\/\/tcpoweb.pini.com.br\/images\/icons-volare_agile_cs5-30.png\" data-imagetype=\"External\" \/>\u00a0\u00a0\u00a0<b>Data de refer\u00eancia dos pre\u00e7os, base de terceiros SINAPI :<\/b><\/span><\/td>\n<td align=\"left\"><span id=\"gmail-m_-9155939745331751620x_gmail-m_-1010448606173487145x_gmail-m_7799633628780233418x_gmail-ctl00_MainContent_gvParametros_ctl06_lbltxt2\"><b>2018 \/ 11<\/b><\/span><\/td>\n<td align=\"center\"><span id=\"gmail-m_-9155939745331751620x_gmail-m_-1010448606173487145x_gmail-m_7799633628780233418x_gmail-ctl00_MainContent_gvParametros_ctl06_lbltxt3\"><b>(Base: Nov-2018)<\/b><\/span><\/td>\n<\/tr>\n<tr>\n<td align=\"left\"><span id=\"gmail-m_-9155939745331751620x_gmail-m_-1010448606173487145x_gmail-m_7799633628780233418x_gmail-ctl00_MainContent_gvParametros_ctl07_lbltxt1\"><img src=\"http:\/\/tcpoweb.pini.com.br\/images\/icons-volare_agile_cs5-30.png\" data-imagetype=\"External\" \/>\u00a0\u00a0\u00a0<b>Data de refer\u00eancia dos pre\u00e7os, base de terceiros SICRO2 (DNIT) :<\/b><\/span><\/td>\n<td align=\"left\"><span id=\"gmail-m_-9155939745331751620x_gmail-m_-1010448606173487145x_gmail-m_7799633628780233418x_gmail-ctl00_MainContent_gvParametros_ctl07_lbltxt2\"><b>2018 \/ 03<\/b><\/span><\/td>\n<td align=\"center\"><span id=\"gmail-m_-9155939745331751620x_gmail-m_-1010448606173487145x_gmail-m_7799633628780233418x_gmail-ctl00_MainContent_gvParametros_ctl07_lbltxt3\"><b>(Base: Mar-2018)<\/b><\/span><\/td>\n<\/tr>\n<tr>\n<td align=\"left\"><span id=\"gmail-m_-9155939745331751620x_gmail-m_-1010448606173487145x_gmail-m_7799633628780233418x_gmail-ctl00_MainContent_gvParametros_ctl08_lbltxt1\"><img src=\"http:\/\/tcpoweb.pini.com.br\/images\/icons-volare_agile_cs5-30.png\" data-imagetype=\"External\" \/>\u00a0\u00a0\u00a0<b>Data de refer\u00eancia dos pre\u00e7os, base de terceiros SEINFRA :<\/b><\/span><\/td>\n<td align=\"left\"><span id=\"gmail-m_-9155939745331751620x_gmail-m_-1010448606173487145x_gmail-m_7799633628780233418x_gmail-ctl00_MainContent_gvParametros_ctl08_lbltxt2\"><b>2015 \/ 09<\/b><\/span><\/td>\n<td align=\"center\"><span id=\"gmail-m_-9155939745331751620x_gmail-m_-1010448606173487145x_gmail-m_7799633628780233418x_gmail-ctl00_MainContent_gvParametros_ctl08_lbltxt3\"><b>(Base: Set-2015)<\/b><\/span><\/td>\n<\/tr>\n<tr>\n<td align=\"left\"><span id=\"gmail-m_-9155939745331751620x_gmail-m_-1010448606173487145x_gmail-m_7799633628780233418x_gmail-ctl00_MainContent_gvParametros_ctl09_lbltxt1\"><img src=\"http:\/\/tcpoweb.pini.com.br\/images\/icons-volare_agile_cs5-30.png\" data-imagetype=\"External\" \/>\u00a0\u00a0\u00a0<b>Data de refer\u00eancia dos pre\u00e7os, base de terceiros EMOP :<\/b><\/span><\/td>\n<td align=\"left\"><span id=\"gmail-m_-9155939745331751620x_gmail-m_-1010448606173487145x_gmail-m_7799633628780233418x_gmail-ctl00_MainContent_gvParametros_ctl09_lbltxt2\"><b>2018 \/ 01<\/b><\/span><\/td>\n<td align=\"center\"><span id=\"gmail-m_-9155939745331751620x_gmail-m_-1010448606173487145x_gmail-m_7799633628780233418x_gmail-ctl00_MainContent_gvParametros_ctl09_lbltxt3\"><b>(Base: Jan-2018)<\/b><\/span><\/td>\n<\/tr>\n<tr>\n<td align=\"left\"><span id=\"gmail-m_-9155939745331751620x_gmail-m_-1010448606173487145x_gmail-m_7799633628780233418x_gmail-ctl00_MainContent_gvParametros_ctl10_lbltxt1\"><img src=\"http:\/\/tcpoweb.pini.com.br\/images\/icons-volare_agile_cs5-30.png\" data-imagetype=\"External\" \/>\u00a0\u00a0\u00a0<b>Data de refer\u00eancia dos pre\u00e7os, base de terceiros SIURB INFRA :<\/b><\/span><\/td>\n<td align=\"left\"><span id=\"gmail-m_-9155939745331751620x_gmail-m_-1010448606173487145x_gmail-m_7799633628780233418x_gmail-ctl00_MainContent_gvParametros_ctl10_lbltxt2\"><b>2016 \/ 01<\/b><\/span><\/td>\n<td align=\"center\"><span id=\"gmail-m_-9155939745331751620x_gmail-m_-1010448606173487145x_gmail-m_7799633628780233418x_gmail-ctl00_MainContent_gvParametros_ctl10_lbltxt3\"><b>(Base: Jan-2016)<\/b><\/span><\/td>\n<\/tr>\n<tr>\n<td align=\"left\"><span id=\"gmail-m_-9155939745331751620x_gmail-m_-1010448606173487145x_gmail-m_7799633628780233418x_gmail-ctl00_MainContent_gvParametros_ctl11_lbltxt1\"><img src=\"http:\/\/tcpoweb.pini.com.br\/images\/icons-volare_agile_cs5-30.png\" data-imagetype=\"External\" \/>\u00a0\u00a0\u00a0<b>Data de refer\u00eancia dos pre\u00e7os, base de terceiros SIURB EDIF :<\/b><\/span><\/td>\n<td align=\"left\"><span id=\"gmail-m_-9155939745331751620x_gmail-m_-1010448606173487145x_gmail-m_7799633628780233418x_gmail-ctl00_MainContent_gvParametros_ctl11_lbltxt2\"><b>2016 \/ 01<\/b><\/span><\/td>\n<td align=\"center\"><span id=\"gmail-m_-9155939745331751620x_gmail-m_-1010448606173487145x_gmail-m_7799633628780233418x_gmail-ctl00_MainContent_gvParametros_ctl11_lbltxt3\"><b>(Base: Jan-2016)<\/b><\/span><\/td>\n<\/tr>\n<tr>\n<td align=\"left\"><span id=\"gmail-m_-9155939745331751620x_gmail-m_-1010448606173487145x_gmail-m_7799633628780233418x_gmail-ctl00_MainContent_gvParametros_ctl12_lbltxt1\"><img src=\"http:\/\/tcpoweb.pini.com.br\/images\/icons-volare_agile_cs5-30.png\" data-imagetype=\"External\" \/>\u00a0\u00a0\u00a0<b>Data de refer\u00eancia dos pre\u00e7os, base de terceiros CDHU :<\/b><\/span><\/td>\n<td align=\"left\"><span id=\"gmail-m_-9155939745331751620x_gmail-m_-1010448606173487145x_gmail-m_7799633628780233418x_gmail-ctl00_MainContent_gvParametros_ctl12_lbltxt2\"><b>\u00a0\u00a0\u00a0\u00a0\u00a0\u00a0\u00a0&#8211;<\/b><\/span><\/td>\n<td align=\"center\"><span id=\"gmail-m_-9155939745331751620x_gmail-m_-1010448606173487145x_gmail-m_7799633628780233418x_gmail-ctl00_MainContent_gvParametros_ctl12_lbltxt3\"><b>(Base: Jan-2015)<\/b><\/span><\/td>\n<\/tr>\n<tr>\n<td align=\"left\"><\/td>\n<\/tr>\n<tr>\n<td colspan=\"3\"><b><img src=\"http:\/\/tcpoweb.pini.com.br\/images\/icons-volare_agile_cs5-38.png\" data-imagetype=\"External\" \/>\u00a0ATEN\u00c7\u00c3O: Algumas bases de dados n\u00e3o est\u00e3o dispon\u00edveis em todas as modalidades de assinaturas\u00a0<span id=\"0.7755768430324319\" class=\"highlight\">TCPO<\/span>web.\u00a0<\/b><br \/>\n<i>Verifique a disponibilidade para sua assinatura em especial, utilizando o\u00a0<a href=\"http:\/\/tcpoweb.pini.com.br\/PesqServicosTreeView.aspx\" target=\"_blank\" rel=\"noopener noreferrer\" data-auth=\"NotApplicable\"><img src=\"http:\/\/tcpoweb.pini.com.br\/images\/icons-volare_agile_cs5-23.png\" data-imagetype=\"External\" \/>\u00a0seletor de bases\u00a0<\/a>na \u00e1rea de composi\u00e7\u00f5es.<\/i><\/p>\n<h4>\u00a0\u00a0\u00a0\u00a0\u00a0\u00a0\u00a0\u00a0\u00a0\u00a0\u00a0\u00a0\u00a0\u00a0\u00a0\u00a0\u00a0\u00a0\u00a0\u00a0\u00a0\u00a0\u00a0\u00a0\u00a0\u00a0\u00a0<b>\u00a9 2017 Grupo PINI Ltda. &#8211; Todos os direitos reservados &#8211;\u00a0<a href=\"http:\/\/tcpoweb.pini.com.br\/TermosDeUso.aspx\" target=\"_blank\" rel=\"noopener noreferrer\" data-auth=\"NotApplicable\">Termos de uso<\/a><\/b><\/h4>\n<\/td>\n<\/tr>\n<\/tbody>\n<\/table>\n<\/div>\n<\/td>\n<\/tr>\n<\/tbody>\n<\/table>\n<\/div>\n","protected":false},"excerpt":{"rendered":"<p>\u00daltimas atualiza\u00e7\u00f5es: [06-Jul-2021]\u00a0: ATUALIZADOS: Pre\u00e7os e conte\u00fado das bases\u00a0TCPO\u00a0 Insumos, composi\u00e7\u00f5es e pre\u00e7os das bases de dados\u00a0TCPO\u00a0PINI\u00a0atualizados para data-base\u00a0Junho\/2021. Base\u00a0TCPO\u00a0atualizada para vers\u00e3o 50.01.0003, com ajustes e corre\u00e7\u00f5es nos conte\u00fados dos insumos e composi\u00e7\u00f5es. [18-Dez-2018]\u00a0: ATUALIZADOS: Base de dados e pre\u00e7os do SINAPI Todos os itens\u00a0SINAPI\u00a0atualizadas para data de refer\u00eancia\u00a0NOVEMBRO\/2018. \u00a0\u00a0Vers\u00e3o deste aplicativo\u00a0web\u00a0em execu\u00e7\u00e3o: 2.3.03 04-Outubro-2018 [&hellip;]<\/p>\n","protected":false},"author":1,"featured_media":0,"parent":0,"menu_order":0,"comment_status":"closed","ping_status":"closed","template":"","meta":[],"_links":{"self":[{"href":"https:\/\/loja.pini.com.br\/index.php\/wp-json\/wp\/v2\/pages\/19919"}],"collection":[{"href":"https:\/\/loja.pini.com.br\/index.php\/wp-json\/wp\/v2\/pages"}],"about":[{"href":"https:\/\/loja.pini.com.br\/index.php\/wp-json\/wp\/v2\/types\/page"}],"author":[{"embeddable":true,"href":"https:\/\/loja.pini.com.br\/index.php\/wp-json\/wp\/v2\/users\/1"}],"replies":[{"embeddable":true,"href":"https:\/\/loja.pini.com.br\/index.php\/wp-json\/wp\/v2\/comments?post=19919"}],"version-history":[{"count":7,"href":"https:\/\/loja.pini.com.br\/index.php\/wp-json\/wp\/v2\/pages\/19919\/revisions"}],"predecessor-version":[{"id":56236,"href":"https:\/\/loja.pini.com.br\/index.php\/wp-json\/wp\/v2\/pages\/19919\/revisions\/56236"}],"wp:attachment":[{"href":"https:\/\/loja.pini.com.br\/index.php\/wp-json\/wp\/v2\/media?parent=19919"}],"curies":[{"name":"wp","href":"https:\/\/api.w.org\/{rel}","templated":true}]}}