{"id":12975,"date":"2019-02-08T11:23:19","date_gmt":"2019-02-08T13:23:19","guid":{"rendered":"https:\/\/lojapini1.hospedagemdesites.ws\/?post_type=product&#038;p=12975"},"modified":"2025-11-17T10:20:55","modified_gmt":"2025-11-17T13:20:55","slug":"tabela-de-custos-para-manutencao-e-reformas-bienal-relatorio-sintetico","status":"publish","type":"product","link":"https:\/\/loja.pini.com.br\/index.php\/produto\/tabela-de-custos-para-manutencao-e-reformas-bienal-relatorio-sintetico\/","title":{"rendered":"Tabela de Custos para Manuten\u00e7\u00e3o e Reformas"},"content":{"rendered":"<p>A Tabela de Custos para Manuten\u00e7\u00e3o e Reformas (TCMR) \u00e9 a primeira refer\u00eancia estruturada de custos para essa finalidade. Constitui a base de dados relativa a custos de um sistema de apoio \u00e0 Gest\u00e3o da Manuten\u00e7\u00e3o Preventiva de Ativos, desenvolvido pela \u00e1rea de Engenharia de Custos da PINI. A Tabela TCMR \u00e9 apresentada por faixas de validade de consumo, produtividade e custo, que melhor representam a diversidade de conting\u00eancias dos canteiros de obras de manuten\u00e7\u00e3o e reformas. Assim voc\u00ea poder\u00e1 adotar custos totais de cada servi\u00e7o, de acordo com as conting\u00eancias, observadas com crit\u00e9rios t\u00e9cnicos apurados, em uma determinada obra. E saber\u00e1 orientar-se em cada faixa de varia\u00e7\u00e3o, adotando refer\u00eancias espec\u00edficas da obra a or\u00e7ar. A apresenta\u00e7\u00e3o \u00e9 completa: descri\u00e7\u00e3o do servi\u00e7o, unidade, insumos, coeficientes e produtividade, pre\u00e7os unit\u00e1rios parciais e totais, custo total de materiais,custo total de m\u00e3o-de-obra e o total do servi\u00e7o. Assinatura \u00e9 por regi\u00e3o de pesquisa.<\/p>\n","protected":false},"excerpt":{"rendered":"<p>A apresenta\u00e7\u00e3o \u00e9 completa: descri\u00e7\u00e3o do servi\u00e7o, unidade, insumos, coeficientes e produtividade, pre\u00e7os unit\u00e1rios parciais e totais, custo total de materiais,custo total de m\u00e3o-de-obra e o total do servi\u00e7o. Assinatura \u00e9 por regi\u00e3o de pesquisa.<\/p>\n","protected":false},"featured_media":12944,"template":"","meta":[],"product_cat":[111],"product_tag":[],"_links":{"self":[{"href":"https:\/\/loja.pini.com.br\/index.php\/wp-json\/wp\/v2\/product\/12975"}],"collection":[{"href":"https:\/\/loja.pini.com.br\/index.php\/wp-json\/wp\/v2\/product"}],"about":[{"href":"https:\/\/loja.pini.com.br\/index.php\/wp-json\/wp\/v2\/types\/product"}],"version-history":[{"count":2,"href":"https:\/\/loja.pini.com.br\/index.php\/wp-json\/wp\/v2\/product\/12975\/revisions"}],"predecessor-version":[{"id":79911,"href":"https:\/\/loja.pini.com.br\/index.php\/wp-json\/wp\/v2\/product\/12975\/revisions\/79911"}],"wp:featuredmedia":[{"embeddable":true,"href":"https:\/\/loja.pini.com.br\/index.php\/wp-json\/wp\/v2\/media\/12944"}],"wp:attachment":[{"href":"https:\/\/loja.pini.com.br\/index.php\/wp-json\/wp\/v2\/media?parent=12975"}],"wp:term":[{"taxonomy":"product_cat","embeddable":true,"href":"https:\/\/loja.pini.com.br\/index.php\/wp-json\/wp\/v2\/product_cat?post=12975"},{"taxonomy":"product_tag","embeddable":true,"href":"https:\/\/loja.pini.com.br\/index.php\/wp-json\/wp\/v2\/product_tag?post=12975"}],"curies":[{"name":"wp","href":"https:\/\/api.w.org\/{rel}","templated":true}]}}