{"id":19668,"date":"2019-07-30T17:43:13","date_gmt":"2019-07-30T20:43:13","guid":{"rendered":"https:\/\/lojapini1.hospedagemdesites.ws\/?post_type=product&#038;p=19668"},"modified":"2026-03-19T20:39:39","modified_gmt":"2026-03-19T23:39:39","slug":"techne-anual","status":"publish","type":"product","link":"https:\/\/loja.pini.com.br\/index.php\/produto\/techne-anual\/","title":{"rendered":"T\u00e9chne &#8211; Digital &#8211; Assinatura Anual"},"content":{"rendered":"<p><b>Como funciona a assinatura Anual da T\u00e9chne &#8211; Digital<\/b><\/p>\n<p>1 \u2013 Voc\u00ea faz a sua assinatura e a operadora de cart\u00f5es processa o seu pedido.<\/p>\n<p>2 \u2013 Ap\u00f3s 1 dia \u00fatil seu acesso estar\u00e1 liberado.<\/p>\n<p>3 &#8211; Enquanto for assinante voc\u00ea acessar\u00e1 a edi\u00e7\u00e3o atual e o acervo da revista, ap\u00f3s o t\u00e9rmino da vig\u00eancia o acesso ser\u00e1 interrompido.<\/p>\n<p>&nbsp;<\/p>\n<p><b>Conhe\u00e7a a T\u00e9chne:<\/b><\/p>\n<p>&nbsp;<\/p>\n<p>A revista digital\u00a0<b>T\u00e9chne<\/b>\u00a0\u00e9 a melhor publica\u00e7\u00e3o para atender \u00e0s necessidades de informa\u00e7\u00e3o tecnol\u00f3gica, apoio profissional e presta\u00e7\u00e3o de servi\u00e7o para os profissionais da constru\u00e7\u00e3o civil. A publica\u00e7\u00e3o contempla um vasto leque de assuntos sobre tecnologias, BIM, sistemas construtivos inovadores, neg\u00f3cios do setor e carreira do profissional de engenharia. Destaca iniciativas ligadas a inova\u00e7\u00e3o e m\u00e9todos disruptivos de gest\u00e3o no setor da constru\u00e7\u00e3o civil.<\/p>\n<p>O acervo dispon\u00edvel \u00e9 de 2010 em diante.<\/p>\n<p><b>Principais Conte\u00fados:<\/b><\/p>\n<p><b>&#8211; Como Construir:<\/b>\u00a0o passo a passo de execu\u00e7\u00e3o de tecnologias e sistemas construtivos.<\/p>\n<p><b>&#8211; Obra:<\/b>\u00a0as solu\u00e7\u00f5es t\u00e9cnicas, financeiras e gerenciais de uma obra em destaque.<\/p>\n<p><b>&#8211; Entrevista:<\/b>\u00a0especialistas esclarecem as quest\u00f5es profissionais e empresariais da engenharia civil.<\/p>\n<p><b>&#8211; Tecnologia:<\/b>\u00a0reportagens detalhadas sobre sistemas e tecnologias.<\/p>\n<p><b>&#8211; BIM:<\/b>\u00a0reportagens com cases e informa\u00e7\u00f5es sobre a tecbologia.<\/p>\n<p><b>&#8211; Artigos:<\/b>\u00a0assinados por especialistas, triados e analisados pelos editores da revista.<\/p>\n<p><b>&#8211; T\u00e9chne Responde:<\/b>\u00a0d\u00favidas de leitores esclarecidas por docentes de institui\u00e7\u00f5es reconhecidas no Brasil e no mundo.<\/p>\n<p><b>&#8211; \u00c1rea Constru\u00edda:<\/b>\u00a0not\u00edcias do setor e lan\u00e7amentos imobili\u00e1rios.<\/p>\n<p><b>&#8211; Produtos e T\u00e9cnicas:<\/b>\u00a0lan\u00e7amentos de produtos e servi\u00e7os do setor.<\/p>\n<p><b>\u00a0<\/b><\/p>\n<p><b>Motivos para Assinar T\u00e9chne:<\/b><\/p>\n<p>&#8211; Mantenha-se atualizado do ponto de vista tecnol\u00f3gico e gerencial.<\/p>\n<p>&#8211; Busque aux\u00edlio no gerenciamento de sua carreira profissional.<\/p>\n<p>&#8211; Informe-se sobre o mercado da constru\u00e7\u00e3o no plano nacional.<\/p>\n<p>&#8211; Analise todos os elementos antes da tomada de decis\u00f5es empresariais, t\u00e9cnicas e sobre a carreira profissional.<\/p>\n<p>&#8211; Tenha refer\u00eancias na melhoria da gest\u00e3o empresarial e dos canteiros de obras.<\/p>\n<p>&#8211; Identifique produtos, tecnologias e tend\u00eancias no Brasil e no exterior.<\/p>\n<p>&#8211; Conhe\u00e7a os profissionais e empresas que est\u00e3o se destacando no meio t\u00e9cnico.<\/p>\n<p>&nbsp;<\/p>\n<p>&nbsp;<\/p>\n","protected":false},"excerpt":{"rendered":"<p>Assine a\u00a0revista digital\u00a0<strong>T\u00e9chne<\/strong> a melhor publica\u00e7\u00e3o para atender \u00e0s necessidades de informa\u00e7\u00e3o tecnol\u00f3gica, apoio profissional e presta\u00e7\u00e3o de servi\u00e7o para os profissionais da constru\u00e7\u00e3o civil. A publica\u00e7\u00e3o contempla um vasto leque de assuntos sobre tecnologias, sistemas construtivos inovadores, neg\u00f3cios do setor e carreira do profissional de engenharia.<\/p>\n","protected":false},"featured_media":564,"template":"","meta":[],"product_cat":[22,33,24],"product_tag":[],"_links":{"self":[{"href":"https:\/\/loja.pini.com.br\/index.php\/wp-json\/wp\/v2\/product\/19668"}],"collection":[{"href":"https:\/\/loja.pini.com.br\/index.php\/wp-json\/wp\/v2\/product"}],"about":[{"href":"https:\/\/loja.pini.com.br\/index.php\/wp-json\/wp\/v2\/types\/product"}],"version-history":[{"count":6,"href":"https:\/\/loja.pini.com.br\/index.php\/wp-json\/wp\/v2\/product\/19668\/revisions"}],"predecessor-version":[{"id":31080,"href":"https:\/\/loja.pini.com.br\/index.php\/wp-json\/wp\/v2\/product\/19668\/revisions\/31080"}],"wp:featuredmedia":[{"embeddable":true,"href":"https:\/\/loja.pini.com.br\/index.php\/wp-json\/wp\/v2\/media\/564"}],"wp:attachment":[{"href":"https:\/\/loja.pini.com.br\/index.php\/wp-json\/wp\/v2\/media?parent=19668"}],"wp:term":[{"taxonomy":"product_cat","embeddable":true,"href":"https:\/\/loja.pini.com.br\/index.php\/wp-json\/wp\/v2\/product_cat?post=19668"},{"taxonomy":"product_tag","embeddable":true,"href":"https:\/\/loja.pini.com.br\/index.php\/wp-json\/wp\/v2\/product_tag?post=19668"}],"curies":[{"name":"wp","href":"https:\/\/api.w.org\/{rel}","templated":true}]}}