{"id":19679,"date":"2019-07-30T17:57:22","date_gmt":"2019-07-30T20:57:22","guid":{"rendered":"https:\/\/lojapini1.hospedagemdesites.ws\/?post_type=product&#038;p=19679"},"modified":"2026-03-19T20:47:05","modified_gmt":"2026-03-19T23:47:05","slug":"techne-au-bienal","status":"publish","type":"product","link":"https:\/\/loja.pini.com.br\/index.php\/produto\/techne-au-bienal\/","title":{"rendered":"T\u00e9chne + aU &#8211; Digital &#8211; Assinatura Bienal"},"content":{"rendered":"<p><b>Como funciona a assinatura Bienal da T\u00e9chne + aU &#8211; Digital<\/b><\/p>\n<p>1 \u2013 Voc\u00ea faz a sua assinatura e a operadora de cart\u00f5es processa o seu pedido.<\/p>\n<p>2 \u2013 Ap\u00f3s 1 dia \u00fatil seu acesso estar\u00e1 liberado.<\/p>\n<p>3 &#8211; Enquanto for assinante voc\u00ea acessar\u00e1 a edi\u00e7\u00e3o atual e o acervo das revistas, ap\u00f3s o t\u00e9rmino da vig\u00eancia o acesso ser\u00e1 interrompido.<\/p>\n<p><span style=\"color: #0000ff;\"><strong>A T\u00e9chne circula mensalmente. S\u00e3o 12 edi\u00e7\u00f5es por ano.<\/strong><\/span><\/p>\n<p><span style=\"color: #0000ff;\"><strong>A aU circula bimestralmente. S\u00e3o 6 edi\u00e7\u00f5es por ano.<\/strong><\/span><\/p>\n<p><b>Conhe\u00e7a a T\u00e9chne:<\/b><\/p>\n<p>A revista digital\u00a0<b>T\u00e9chne<\/b>\u00a0\u00e9 a melhor publica\u00e7\u00e3o para atender \u00e0s necessidades de informa\u00e7\u00e3o tecnol\u00f3gica, apoio profissional e presta\u00e7\u00e3o de servi\u00e7o para os profissionais da constru\u00e7\u00e3o civil. A publica\u00e7\u00e3o contempla um vasto leque de assuntos sobre tecnologias, BIM, sistemas construtivos inovadores, neg\u00f3cios do setor e carreira do profissional de engenharia. Destaca iniciativas ligadas a inova\u00e7\u00e3o e m\u00e9todos disruptivos de gest\u00e3o no setor da constru\u00e7\u00e3o civil.<\/p>\n<p>O acervo dispon\u00edvel \u00e9 de 2010 em diante.<\/p>\n<p><b>Principais Conte\u00fados:<\/b><\/p>\n<p><b>&#8211; Como Construir:<\/b>\u00a0o passo a passo de execu\u00e7\u00e3o de tecnologias e sistemas construtivos.<\/p>\n<p><b>&#8211; Obra:<\/b>\u00a0as solu\u00e7\u00f5es t\u00e9cnicas, financeiras e gerenciais de uma obra em destaque.<\/p>\n<p><b>&#8211; Entrevista:<\/b>\u00a0especialistas esclarecem as quest\u00f5es profissionais e empresariais da engenharia civil.<\/p>\n<p><b>&#8211; Tecnologia:<\/b>\u00a0reportagens detalhadas sobre sistemas e tecnologias.<\/p>\n<p><b>&#8211; BIM:<\/b>\u00a0reportagens com cases e informa\u00e7\u00f5es sobre a tecbologia.<\/p>\n<p><b>&#8211; Artigos:<\/b>\u00a0assinados por especialistas, triados e analisados pelos editores da revista.<\/p>\n<p><b>&#8211; T\u00e9chne Responde:<\/b>\u00a0d\u00favidas de leitores esclarecidas por docentes de institui\u00e7\u00f5es reconhecidas no Brasil e no mundo.<\/p>\n<p><b>&#8211; \u00c1rea Constru\u00edda:<\/b>\u00a0not\u00edcias do setor e lan\u00e7amentos imobili\u00e1rios.<\/p>\n<p><b>&#8211; Produtos e T\u00e9cnicas:<\/b>\u00a0lan\u00e7amentos de produtos e servi\u00e7os do setor.<\/p>\n<p><b>\u00a0<\/b><\/p>\n<p><b>Motivos para Assinar T\u00e9chne:<\/b><\/p>\n<p>&#8211; Mantenha-se atualizado do ponto de vista tecnol\u00f3gico e gerencial.<\/p>\n<p>&#8211; Busque aux\u00edlio no gerenciamento de sua carreira profissional.<\/p>\n<p>&#8211; Informe-se sobre o mercado da constru\u00e7\u00e3o no plano nacional.<\/p>\n<p>&#8211; Analise todos os elementos antes da tomada de decis\u00f5es empresariais, t\u00e9cnicas e sobre a carreira profissional.<\/p>\n<p>&#8211; Tenha refer\u00eancias na melhoria da gest\u00e3o empresarial e dos canteiros de obras.<\/p>\n<p>&#8211; Identifique produtos, tecnologias e tend\u00eancias no Brasil e no exterior.<\/p>\n<p>&#8211; Conhe\u00e7a os profissionais e empresas que est\u00e3o se destacando no meio t\u00e9cnico.<\/p>\n<p>&nbsp;<\/p>\n<p>&#8212;&#8212;&#8212;&#8212;&#8212;&#8212;&#8212;&#8212;&#8212;&#8212;&#8212;&#8212;&#8212;&#8212;&#8212;&#8212;&#8212;&#8212;&#8212;&#8212;&#8212;&#8212;&#8211;<\/p>\n<p>&nbsp;<\/p>\n<p><b>Conhe\u00e7a a AU:<\/b><\/p>\n<p><b>AU &#8211; Arquitetura e Urbanismo<\/b>\u00a0\u00e9 a revista digital da PINI dedicada a arquitetos, urbanistas, designers, paisagistas e demais profissionais envolvidos com a atividade de projetar e construir desde cidades, bairros e espa\u00e7os p\u00fablicos at\u00e9 ambientes residenciais, comerciais, corporativos, industriais e institucionais. Tamb\u00e9m \u00e9 ferramenta essencial para professores e estudantes dessas \u00e1reas. Mensalmente, AU proporciona reflex\u00e3o cr\u00edtica, atualiza\u00e7\u00e3o tecnol\u00f3gica, uma sele\u00e7\u00e3o aprofundada de projetos de arquitetura e urbanismo pelo mundo e presta\u00e7\u00e3o de servi\u00e7os. Arquitetos e designers com perfil inovador ganham destaque na revista.<\/p>\n<p>O acervo dispon\u00edvel \u00e9 de 2010 em diante.<\/p>\n<p><b>Principais conte\u00fados:<\/b><\/p>\n<p><b>&#8211; Cen\u00e1rio:<\/b>\u00a0as not\u00edcias do mundo da arquitetura no Brasil e no exterior, com resultados de concursos e cobertura jornal\u00edstica dos mais recentes acontecimentos da \u00e1rea;<\/p>\n<p><b>&#8211; Design:<\/b>\u00a0o desenho de um m\u00f3vel ou objeto espec\u00edfico em destaque, apresentando cortes e detalhes;<\/p>\n<p><b>&#8211; Exerc\u00edcio Profissional:<\/b>\u00a0presta\u00e7\u00e3o de servi\u00e7o e respostas a quest\u00f5es que fazem parte do cotidiano do profissional e de estudantes de arquitetura: direitos autorais, crit\u00e9rios para fixa\u00e7\u00e3o de honor\u00e1rios, abertura e fechamento de escrit\u00f3rio, marketing na arquitetura, contrata\u00e7\u00e3o de outros arquitetos, utiliza\u00e7\u00e3o de estagi\u00e1rios etc.;<\/p>\n<p><b>&#8211; Tecnologia &amp; Materiais:<\/b>\u00a0aborda detalhadamente uma tecnologia, sistema construtivo, produto ou item de especifica\u00e7\u00e3o dos arquitetos. Inclui um debate que re\u00fane arquitetos, fornecedores, consultores, especialistas etc.<\/p>\n<p><b>&#8211; Cat\u00e1logo:<\/b>\u00a0espa\u00e7o para a divulga\u00e7\u00e3o de produtos, sistemas, tecnologias e servi\u00e7os voltados \u00e0s \u00e1reas de constru\u00e7\u00e3o e arquitetura;<\/p>\n<p><b>Reportagens:<\/b><\/p>\n<p><b>&#8211; Casas:<\/b>\u00a0o conceito que norteou o projeto, as necessidades dos propriet\u00e1rios e os sistemas construtivos empregados. O crit\u00e9rio para escolha das casas \u00e9 a qualidade da arquitetura e a capacidade de responder ao programa indicado pelo propriet\u00e1rio. Plantas e cortes apresentados de forma clara, al\u00e9m de detalhes t\u00e9cnicos e cortes construtivos;<\/p>\n<p><b>&#8211; Obras nacionais:<\/b>\u00a0obras projetadas e executadas no Brasil, apresentadas em profundidade. Projetos rec\u00e9m-executados ou restaura\u00e7\u00f5es e reformas. O crit\u00e9rio de escolha das obras \u00e9 a qualidade da arquitetura e seu impacto no local de implanta\u00e7\u00e3o. Conceito e solu\u00e7\u00f5es desenvolvidas pelo arquiteto para responder ao programa e \u00e0s demais imposi\u00e7\u00f5es e circunst\u00e2ncias do projeto. Plantas e cortes apresentados de forma clara, al\u00e9m de detalhes t\u00e9cnicos e cortes construtivos;<\/p>\n<p><b>&#8211; Obras internacionais:<\/b>\u00a0obras realizadas no exterior com repercuss\u00e3o internacional, sob os mesmos crit\u00e9rios aplicados a obras nacionais. Plantas e cortes apresentados de forma clara, al\u00e9m de detalhes t\u00e9cnicos e cortes construtivos;<\/p>\n<p><b>&#8211; Arquitetura de interiores:<\/b>\u00a0uma an\u00e1lise de um projeto de interiores, com \u00eanfase para os corporativos, no Brasil ou no exterior. Tend\u00eancias, materiais e produtos inovadores e solu\u00e7\u00f5es criativas dos profissionais;<\/p>\n<p><b>&#8211; Urbanismo:<\/b>\u00a0pol\u00edtica urbana, projetos em desenvolvimento ou interven\u00e7\u00f5es realizadas ou em execu\u00e7\u00e3o no Brasil e no mundo. As condi\u00e7\u00f5es do local antes e depois da interven\u00e7\u00e3o, sua motiva\u00e7\u00e3o e o impacto da obra sobre a comunidade;<\/p>\n<p><b>&#8211; Paisagismo:<\/b>\u00a0profissionais renomados ou projetos (execu\u00e7\u00e3o ou manuten\u00e7\u00e3o) de destaque;<\/p>\n<p><b>\u00a0<\/b><\/p>\n<p><b>AU Educa\u00e7\u00e3o<\/b><\/p>\n<p><b>&#8211; Documento:<\/b>\u00a0a consagrada se\u00e7\u00e3o de AU se transformou para entrar no caderno AU Educa\u00e7\u00e3o. Agora com mais detalhes t\u00e9cnicos e desenhos, al\u00e9m de fotos de projetos, o artigo conta a vida e a obra de um grande mestre da arquitetura mundial analisadas por um pesquisador. Aspectos da forma\u00e7\u00e3o e atua\u00e7\u00e3o intelectual, da pr\u00e1tica profissional e da vida do arquiteto, com destaque para os projetos desenvolvidos e as obras executadas.<\/p>\n<p><b>&#8211; Aulas de projeto:<\/b>\u00a0a partir da vis\u00e3o de um professor de arquitetura, um projeto publicado na mesma edi\u00e7\u00e3o \u00e9 detalhado no &#8220;Aulas de projeto&#8221; desde seu in\u00edcio, com a discuss\u00e3o do partido, como organizar o programa no espa\u00e7o, publica\u00e7\u00e3o de croquis, at\u00e9 detalhes t\u00e9cnicos\/cortes construtivos de aspectos fundamentais do edif\u00edcio\/projeto, sempre levando em conta seu uso em sala de aula.<\/p>\n<p>&nbsp;<\/p>\n<p>&nbsp;<\/p>\n","protected":false},"excerpt":{"rendered":"<p>Assine\u00a0<strong>AU &#8211; Arquitetura e Urbanismo<\/strong>\u00a0e<strong> T\u00e9chne.<\/strong><\/p>\n<p><span style=\"color: #0000ff;\"><strong>A T\u00e9chne circula mensalmente. S\u00e3o 12 edi\u00e7\u00f5es por ano.<\/strong><\/span><\/p>\n<p><span style=\"color: #0000ff;\"><strong>A aU circula bimestralmente. S\u00e3o 6 edi\u00e7\u00f5es por ano.<\/strong><\/span><\/p>\n","protected":false},"featured_media":19667,"template":"","meta":[],"product_cat":[34,22,33],"product_tag":[],"_links":{"self":[{"href":"https:\/\/loja.pini.com.br\/index.php\/wp-json\/wp\/v2\/product\/19679"}],"collection":[{"href":"https:\/\/loja.pini.com.br\/index.php\/wp-json\/wp\/v2\/product"}],"about":[{"href":"https:\/\/loja.pini.com.br\/index.php\/wp-json\/wp\/v2\/types\/product"}],"version-history":[{"count":7,"href":"https:\/\/loja.pini.com.br\/index.php\/wp-json\/wp\/v2\/product\/19679\/revisions"}],"predecessor-version":[{"id":80736,"href":"https:\/\/loja.pini.com.br\/index.php\/wp-json\/wp\/v2\/product\/19679\/revisions\/80736"}],"wp:featuredmedia":[{"embeddable":true,"href":"https:\/\/loja.pini.com.br\/index.php\/wp-json\/wp\/v2\/media\/19667"}],"wp:attachment":[{"href":"https:\/\/loja.pini.com.br\/index.php\/wp-json\/wp\/v2\/media?parent=19679"}],"wp:term":[{"taxonomy":"product_cat","embeddable":true,"href":"https:\/\/loja.pini.com.br\/index.php\/wp-json\/wp\/v2\/product_cat?post=19679"},{"taxonomy":"product_tag","embeddable":true,"href":"https:\/\/loja.pini.com.br\/index.php\/wp-json\/wp\/v2\/product_tag?post=19679"}],"curies":[{"name":"wp","href":"https:\/\/api.w.org\/{rel}","templated":true}]}}