{"id":203,"date":"2016-02-02T15:08:38","date_gmt":"2016-02-02T17:08:38","guid":{"rendered":"http:\/\/demo.themegrill.com\/estore\/?post_type=product&#038;p=203"},"modified":"2025-01-07T17:50:19","modified_gmt":"2025-01-07T20:50:19","slug":"assinatura-tcpoweb-precos-pini","status":"publish","type":"product","link":"https:\/\/loja.pini.com.br\/index.php\/produto\/assinatura-tcpoweb-precos-pini\/","title":{"rendered":"TCPOweb &#8211; Assinatura Recorrente"},"content":{"rendered":"<p><span style=\"text-decoration: underline;\"><strong>O que \u00e9 o TCPOweb?<\/strong><\/span><\/p>\n<p>O <strong>TCPOweb<\/strong> lan\u00e7ado em janeiro de 2015 \u00e9 uma das ferramentas que utilizam a base TCPO &#8211; Tabela de Composi\u00e7\u00f5es e Pre\u00e7os para Or\u00e7amentos \u00e9 a principal refer\u00eancia de engenharia de custos do Brasil. O TCPOweb tem como objetivo entregar aos profissionais do mercado maior agilidade na cota\u00e7\u00e3o de pre\u00e7os e produ\u00e7\u00e3o de or\u00e7amentos com acesso 100% web \u00e0s bases de dados e pre\u00e7os atualizados continuamente.<\/p>\n<p><span style=\"text-decoration: underline;\"><strong>Confira os conte\u00fados presentes no TCPOweb:\u00a0<\/strong><\/span><\/p>\n<p><strong>&#8211; Pre\u00e7os de refer\u00eancia da PINI<\/strong><\/p>\n<p>O departamento de Engenharia da PINI pesquisa e disponibiliza mais de 4 mil pre\u00e7os de Insumos para or\u00e7amento de obras em cada uma das 28 pra\u00e7as dispon\u00edveis para consulta. Estes pre\u00e7os s\u00e3o atualizados mensalmente.<\/p>\n<p><strong>&#8211; Composi\u00e7\u00f5es do TCPO PINI<\/strong><\/p>\n<p>Edifica\u00e7\u00f5es e Infraestrutura A base de dados TCPO (Tabela de Composi\u00e7\u00f5es de Pre\u00e7os para Or\u00e7amentos), parte integrante do sistema TCPOweb, \u00e9 mantida e atualizada continuamente pela \u00e1rea de Engenharia de Custos da PINI. As bases dispon\u00edveis s\u00e3o de Edifica\u00e7\u00f5es e Infraestrutura, totalizando mais de 8.500 composi\u00e7\u00f5es.<\/p>\n<p><strong>&#8211; \u00cdndices e Custos<\/strong><\/p>\n<p>A PINI disponibiliza aos profissionais \u00cdndices e Custos pr\u00f3prios e de mercado.<\/p>\n<p><strong>&#8211; Acervo de 8 anos das revistas PINI:<\/strong><\/p>\n<p>Arquitetura e Urbanismo, T\u00e9chne, Constru\u00e7\u00e3o Mercado, Equipe de Obra e Infraestrutura Urbana.<\/p>\n<p><span style=\"text-decoration: underline;\"><strong>Revistas digitais &#8211; T\u00e9chne e aU<\/strong><\/span><\/p>\n<p><span style=\"color: #0000ff;\">* A partir de 02\/09\/2024 as novas assinaturas recorrentes d\u00e3o direito ao acesso as sites das revistas T\u00e9chne e aU. Os sites disponibilizam o acervo desde 2010 e as novas edi\u00e7\u00f5es lan\u00e7adas mensalmente.\u00a0<\/span><\/p>\n<p><strong>&#8211; T\u00e9chne &#8211; https:\/\/revistatechne.com.br<\/strong><\/p>\n<p>A revista digital\u00a0<b>T\u00e9chne<\/b>\u00a0\u00e9 a melhor publica\u00e7\u00e3o para atender \u00e0s necessidades de informa\u00e7\u00e3o tecnol\u00f3gica, apoio profissional e presta\u00e7\u00e3o de servi\u00e7o para os profissionais da constru\u00e7\u00e3o civil. A publica\u00e7\u00e3o contempla um vasto leque de assuntos sobre tecnologias, BIM, sistemas construtivos inovadores, neg\u00f3cios do setor e carreira do profissional de engenharia. Destaca iniciativas ligadas a inova\u00e7\u00e3o e m\u00e9todos disruptivos de gest\u00e3o no setor da constru\u00e7\u00e3o civil.<\/p>\n<p><strong>&#8211; a<b>U &#8211; Arquitetura e Urbanismo &#8211; https:\/\/revistaau.com.br\/<\/b><\/strong><\/p>\n<p>A<b> aU <\/b>\u00e9 a revista digital da PINI dedicada a arquitetos, urbanistas, designers, paisagistas e demais profissionais envolvidos com a atividade de projetar e construir desde cidades, bairros e espa\u00e7os p\u00fablicos at\u00e9 ambientes residenciais, comerciais, corporativos, industriais e institucionais. Tamb\u00e9m \u00e9 ferramenta essencial para professores e estudantes dessas \u00e1reas. Mensalmente, AU proporciona reflex\u00e3o cr\u00edtica, atualiza\u00e7\u00e3o tecnol\u00f3gica, uma sele\u00e7\u00e3o aprofundada de projetos de arquitetura e urbanismo pelo mundo e presta\u00e7\u00e3o de servi\u00e7os. Arquitetos e designers com perfil inovador ganham destaque na revista.<\/p>\n<p><span style=\"text-decoration: underline;\"><strong>Condi\u00e7\u00f5es<\/strong><\/span><\/p>\n<p>A assinatura recorrente do TCPOweb n\u00e3o possui fidelidade m\u00ednima e funciona da seguinte forma:<\/p>\n<p>1 \u2013 Voc\u00ea faz a sua assinatura e a operadora de cart\u00f5es processa o seu pedido.<\/p>\n<p>2 \u2013 Ap\u00f3s 1 dia \u00fatil seu acesso estar\u00e1 liberado.<\/p>\n<p>3 \u2013 No mesmo dia dos meses subsequentes a operadora de cart\u00f5es processa o pedido da nova assinatura.<\/p>\n<p>Importante: A data da cobran\u00e7a ser\u00e1 feita todos os meses no dia em que voc\u00ea assinou o servi\u00e7o, mas caso tenha necessidade de alterar tal data posteriormente, basta realizar uma solicita\u00e7\u00e3o para nosso SAC, atrav\u00e9s do e-mail loja@pini.com.br ou para cancelamento de sua assinatura, cancelamento@pini.com.br.<\/p>\n","protected":false},"excerpt":{"rendered":"<p>Composi\u00e7\u00f5es e pre\u00e7os de refer\u00eancia para insumos e servi\u00e7os pesquisados pela <strong>PINI<\/strong>.<\/p>\n<p>Pague mensalmente o <strong>TCPOweb<\/strong> e acesse:<\/p>\n<p>\u2022 Pre\u00e7os de refer\u00eancia da <strong>PINI<\/strong><\/p>\n<p>\u2022 Composi\u00e7\u00f5es do <strong>TCPO PINI<\/strong>: Edifica\u00e7\u00f5es e Infraestrutura<\/p>\n<p>\u2022 \u00cdndices e Custos<\/p>\n<p>\u2022 Revistas digitais T\u00e9chne e aU<\/p>\n<p><span style=\"color: #000000;\">* A partir de 02\/09\/2024 as novas assinaturas recorrentes d\u00e3o direito ao acesso as sites das revistas T\u00e9chne e aU.<\/span><\/p>\n<p><span style=\"color: #0000ff;\">Clique no link abaixo e solicite contato!<\/span><\/p>\n<p><span style=\"color: #0000ff;\"><a style=\"color: #0000ff;\" href=\"https:\/\/conteudo.pini.com.br\/loja-pini?\">https:\/\/conteudo.pini.com.br\/loja-pini?<\/a><\/span><\/p>\n","protected":false},"featured_media":5983,"template":"","meta":[],"product_cat":[108,23],"product_tag":[],"_links":{"self":[{"href":"https:\/\/loja.pini.com.br\/index.php\/wp-json\/wp\/v2\/product\/203"}],"collection":[{"href":"https:\/\/loja.pini.com.br\/index.php\/wp-json\/wp\/v2\/product"}],"about":[{"href":"https:\/\/loja.pini.com.br\/index.php\/wp-json\/wp\/v2\/types\/product"}],"version-history":[{"count":17,"href":"https:\/\/loja.pini.com.br\/index.php\/wp-json\/wp\/v2\/product\/203\/revisions"}],"predecessor-version":[{"id":77126,"href":"https:\/\/loja.pini.com.br\/index.php\/wp-json\/wp\/v2\/product\/203\/revisions\/77126"}],"wp:featuredmedia":[{"embeddable":true,"href":"https:\/\/loja.pini.com.br\/index.php\/wp-json\/wp\/v2\/media\/5983"}],"wp:attachment":[{"href":"https:\/\/loja.pini.com.br\/index.php\/wp-json\/wp\/v2\/media?parent=203"}],"wp:term":[{"taxonomy":"product_cat","embeddable":true,"href":"https:\/\/loja.pini.com.br\/index.php\/wp-json\/wp\/v2\/product_cat?post=203"},{"taxonomy":"product_tag","embeddable":true,"href":"https:\/\/loja.pini.com.br\/index.php\/wp-json\/wp\/v2\/product_tag?post=203"}],"curies":[{"name":"wp","href":"https:\/\/api.w.org\/{rel}","templated":true}]}}